{"id":358,"date":"2025-04-09T04:44:19","date_gmt":"2025-04-09T02:44:19","guid":{"rendered":"http:\/\/einx.cm2x.de\/?page_id=358"},"modified":"2025-05-10T11:44:37","modified_gmt":"2025-05-10T09:44:37","slug":"impressum","status":"publish","type":"page","link":"https:\/\/www.e-inx.de\/index.php\/impressum\/","title":{"rendered":"Impressum"},"content":{"rendered":"\t\t<div data-elementor-type=\"wp-page\" data-elementor-id=\"358\" class=\"elementor elementor-358\" data-elementor-post-type=\"page\">\n\t\t\t\t<div class=\"elementor-element elementor-element-1b5be13 e-flex e-con-boxed e-con e-parent\" data-id=\"1b5be13\" data-element_type=\"container\" data-e-type=\"container\">\n\t\t\t\t\t<div class=\"e-con-inner\">\n\t\t<div class=\"elementor-element elementor-element-608028d e-con-full e-flex e-con e-child\" data-id=\"608028d\" data-element_type=\"container\" data-e-type=\"container\">\n\t\t\t\t<div class=\"elementor-element elementor-element-833f94d elementor-widget elementor-widget-heading\" data-id=\"833f94d\" data-element_type=\"widget\" data-e-type=\"widget\" data-widget_type=\"heading.default\">\n\t\t\t\t<div class=\"elementor-widget-container\">\n\t\t\t\t\t<h2 class=\"elementor-heading-title elementor-size-default\">Impressum<\/h2>\t\t\t\t<\/div>\n\t\t\t\t<\/div>\n\t\t\t\t<div class=\"elementor-element elementor-element-915de9d elementor-widget elementor-widget-text-editor\" data-id=\"915de9d\" data-element_type=\"widget\" data-e-type=\"widget\" data-widget_type=\"text-editor.default\">\n\t\t\t\t<div class=\"elementor-widget-container\">\n\t\t\t\t\t\t\t\t\t<p>Inhaltlich verantwortlich gem\u00e4\u00df \u00a7 18 Abs. 2 MStV:<\/p>\t\t\t\t\t\t\t\t<\/div>\n\t\t\t\t<\/div>\n\t\t\t\t<div class=\"elementor-element elementor-element-2a5198b elementor-widget elementor-widget-text-editor\" data-id=\"2a5198b\" data-element_type=\"widget\" data-e-type=\"widget\" data-widget_type=\"text-editor.default\">\n\t\t\t\t<div class=\"elementor-widget-container\">\n\t\t\t\t\t\t\t\t\t<p><b>AixManus UG (haftungsbeschr\u00e4nkt)<br \/><\/b>Hasencleverstra\u00dfe 9<br \/>42659 Solingen<br \/>Deutschland<\/p><p>Tel.: +49 151-2019-5277<br \/>Email: info(at)aixmanus.de<\/p>\t\t\t\t\t\t\t\t<\/div>\n\t\t\t\t<\/div>\n\t\t\t\t<div class=\"elementor-element elementor-element-2439bd2 elementor-widget elementor-widget-text-editor\" data-id=\"2439bd2\" data-element_type=\"widget\" data-e-type=\"widget\" data-widget_type=\"text-editor.default\">\n\t\t\t\t<div class=\"elementor-widget-container\">\n\t\t\t\t\t\t\t\t\t<div class=\"elementor-element elementor-element-e61cb3c elementor-widget elementor-widget-text-editor\" data-id=\"e61cb3c\" data-element_type=\"widget\" data-widget_type=\"text-editor.default\"><div class=\"elementor-widget-container\"><div>Vertretungsberechtigte Gesch\u00e4ftsf\u00fchrer:<\/div><div>Lars Klug, Justus Numrich<\/div><div>\u00a0<\/div><div>Registergericht: Wuppertal<br \/>Registernummer: HRB 31259<\/div><div>\u00a0<\/div><div>USt.-ID gem\u00e4\u00df \u00a7 27a Umsatzsteuergesetz:<\/div><\/div><\/div><div class=\"elementor-element elementor-element-037ca47 elementor-widget elementor-widget-text-editor\" data-id=\"037ca47\" data-element_type=\"widget\" data-widget_type=\"text-editor.default\"><div class=\"elementor-widget-container\"><div>DE338066541<\/div><\/div><\/div>\t\t\t\t\t\t\t\t<\/div>\n\t\t\t\t<\/div>\n\t\t\t\t<\/div>\n\t\t<div class=\"elementor-element elementor-element-e933e11 e-con-full e-flex e-con e-child\" data-id=\"e933e11\" data-element_type=\"container\" data-e-type=\"container\">\n\t\t\t\t<div class=\"elementor-element elementor-element-f5971d2 elementor-widget elementor-widget-heading\" data-id=\"f5971d2\" data-element_type=\"widget\" data-e-type=\"widget\" data-widget_type=\"heading.default\">\n\t\t\t\t<div class=\"elementor-widget-container\">\n\t\t\t\t\t<h2 class=\"elementor-heading-title elementor-size-default\">Allgemeine Nutzungsbedingungen<\/h2>\t\t\t\t<\/div>\n\t\t\t\t<\/div>\n\t\t\t\t<div class=\"elementor-element elementor-element-0754c9d elementor-widget elementor-widget-n-accordion\" data-id=\"0754c9d\" data-element_type=\"widget\" data-e-type=\"widget\" data-settings=\"{&quot;default_state&quot;:&quot;all_collapsed&quot;,&quot;max_items_expended&quot;:&quot;multiple&quot;,&quot;n_accordion_animation_duration&quot;:{&quot;unit&quot;:&quot;ms&quot;,&quot;size&quot;:400,&quot;sizes&quot;:[]}}\" data-widget_type=\"nested-accordion.default\">\n\t\t\t\t<div class=\"elementor-widget-container\">\n\t\t\t\t\t\t\t<div class=\"e-n-accordion\" aria-label=\"Accordion. Open links with Enter or Space, close with Escape, and navigate with Arrow Keys\">\n\t\t\t\t\t\t<details id=\"e-n-accordion-item-7680\" class=\"e-n-accordion-item\" >\n\t\t\t\t<summary class=\"e-n-accordion-item-title\" data-accordion-index=\"1\" tabindex=\"0\" aria-expanded=\"false\" aria-controls=\"e-n-accordion-item-7680\" >\n\t\t\t\t\t<span class='e-n-accordion-item-title-header'><div class=\"e-n-accordion-item-title-text\"> Urheberrecht <\/div><\/span>\n\t\t\t\t\t\t\t<span class='e-n-accordion-item-title-icon'>\n\t\t\t<span class='e-opened' ><svg aria-hidden=\"true\" class=\"e-font-icon-svg e-fas-minus\" viewBox=\"0 0 448 512\" xmlns=\"http:\/\/www.w3.org\/2000\/svg\"><path d=\"M416 208H32c-17.67 0-32 14.33-32 32v32c0 17.67 14.33 32 32 32h384c17.67 0 32-14.33 32-32v-32c0-17.67-14.33-32-32-32z\"><\/path><\/svg><\/span>\n\t\t\t<span class='e-closed'><svg aria-hidden=\"true\" class=\"e-font-icon-svg e-fas-plus\" viewBox=\"0 0 448 512\" xmlns=\"http:\/\/www.w3.org\/2000\/svg\"><path d=\"M416 208H272V64c0-17.67-14.33-32-32-32h-32c-17.67 0-32 14.33-32 32v144H32c-17.67 0-32 14.33-32 32v32c0 17.67 14.33 32 32 32h144v144c0 17.67 14.33 32 32 32h32c17.67 0 32-14.33 32-32V304h144c17.67 0 32-14.33 32-32v-32c0-17.67-14.33-32-32-32z\"><\/path><\/svg><\/span>\n\t\t<\/span>\n\n\t\t\t\t\t\t<\/summary>\n\t\t\t\t<div role=\"region\" aria-labelledby=\"e-n-accordion-item-7680\" class=\"elementor-element elementor-element-fef29a7 e-con-full e-flex e-con e-child\" data-id=\"fef29a7\" data-element_type=\"container\" data-e-type=\"container\">\n\t\t\t\t<div class=\"elementor-element elementor-element-959137d elementor-widget elementor-widget-text-editor\" data-id=\"959137d\" data-element_type=\"widget\" data-e-type=\"widget\" data-widget_type=\"text-editor.default\">\n\t\t\t\t<div class=\"elementor-widget-container\">\n\t\t\t\t\t\t\t\t\t<p>Die Webseite (Inhalt, Struktur, Werke) sind urheberrechtlich gesch\u00fctzt. Urheberrechtlich gesch\u00fctzt wird insbesondere vor Vervielf\u00e4ltigungen, Bearbeitungen, \u00dcbersetzungen, die Speicherung und Verarbeitung in anderen Medien, einschlie\u00dflich der Speicherung oder Verarbeitung auf elektronischem Weg. Jegliche Verwertung im Ganzen oder in Teilen bedarf der vorherigen schriftlichen Zustimmung der AixManus UG. Die Vervielf\u00e4ltigung von Informationen oder Daten, insbesondere die Verwendung von Texten oder Textteilen oder Bildmaterial oder jede sonstige Verwertung oder Verbreitung bedarf der vorherigen schriftlichen Zustimmung von Aixmanus. Die Verbreitungs- und Vervielf\u00e4ltigungsrechte liegen allein bei der AixManus UG.<\/p>\t\t\t\t\t\t\t\t<\/div>\n\t\t\t\t<\/div>\n\t\t\t\t<\/div>\n\t\t\t\t\t<\/details>\n\t\t\t\t\t\t<details id=\"e-n-accordion-item-7681\" class=\"e-n-accordion-item\" >\n\t\t\t\t<summary class=\"e-n-accordion-item-title\" data-accordion-index=\"2\" tabindex=\"-1\" aria-expanded=\"false\" aria-controls=\"e-n-accordion-item-7681\" >\n\t\t\t\t\t<span class='e-n-accordion-item-title-header'><div class=\"e-n-accordion-item-title-text\"> Haftungsausschluss <\/div><\/span>\n\t\t\t\t\t\t\t<span class='e-n-accordion-item-title-icon'>\n\t\t\t<span class='e-opened' ><svg aria-hidden=\"true\" class=\"e-font-icon-svg e-fas-minus\" viewBox=\"0 0 448 512\" xmlns=\"http:\/\/www.w3.org\/2000\/svg\"><path d=\"M416 208H32c-17.67 0-32 14.33-32 32v32c0 17.67 14.33 32 32 32h384c17.67 0 32-14.33 32-32v-32c0-17.67-14.33-32-32-32z\"><\/path><\/svg><\/span>\n\t\t\t<span class='e-closed'><svg aria-hidden=\"true\" class=\"e-font-icon-svg e-fas-plus\" viewBox=\"0 0 448 512\" xmlns=\"http:\/\/www.w3.org\/2000\/svg\"><path d=\"M416 208H272V64c0-17.67-14.33-32-32-32h-32c-17.67 0-32 14.33-32 32v144H32c-17.67 0-32 14.33-32 32v32c0 17.67 14.33 32 32 32h144v144c0 17.67 14.33 32 32 32h32c17.67 0 32-14.33 32-32V304h144c17.67 0 32-14.33 32-32v-32c0-17.67-14.33-32-32-32z\"><\/path><\/svg><\/span>\n\t\t<\/span>\n\n\t\t\t\t\t\t<\/summary>\n\t\t\t\t<div role=\"region\" aria-labelledby=\"e-n-accordion-item-7681\" class=\"elementor-element elementor-element-25b1ccd e-con-full e-flex e-con e-child\" data-id=\"25b1ccd\" data-element_type=\"container\" data-e-type=\"container\">\n\t\t\t\t<div class=\"elementor-element elementor-element-1a038f9 elementor-widget elementor-widget-text-editor\" data-id=\"1a038f9\" data-element_type=\"widget\" data-e-type=\"widget\" data-widget_type=\"text-editor.default\">\n\t\t\t\t<div class=\"elementor-widget-container\">\n\t\t\t\t\t\t\t\t\t<p class=\"nitro-offscreen\"><span style=\"text-decoration: underline;\">Allgemein<br \/><\/span>Alle Inhalte unseres Internetauftritts wurden mit gr\u00f6\u00dfter Sorgfalt und nach bestem Gewissen erstellt. F\u00fcr die Richtigkeit, Vollst\u00e4ndigkeit und Aktualit\u00e4t der Inhalte k\u00f6nnen wir jedoch keine Gew\u00e4hr \u00fcbernehmen. Als Diensteanbieter sind wir gem\u00e4\u00df \u00a7 7 Abs.1 TMG f\u00fcr eigene Inhalte auf diesen Seiten nach den allgemeinen Gesetzen verantwortlich. Nach \u00a7\u00a7 8 bis 10 TMG sind wir als Diensteanbieter jedoch nicht verpflichtet, \u00fcbermittelte oder gespeicherte fremde Informationen zu \u00fcberwachen oder nach Umst\u00e4nden zu forschen, die auf eine rechtswidrige T\u00e4tigkeit hinweisen. Verpflichtungen zur Entfernung oder Sperrung der Nutzung von Informationen nach den allgemeinen Gesetzen bleiben hiervon unber\u00fchrt.<\/p><p class=\"nitro-offscreen\">Eine diesbez\u00fcgliche Haftung ist jedoch erst ab dem Zeitpunkt der Kenntniserlangung einer konkreten Rechtsverletzung m\u00f6glich. Bei Bekanntwerden von den o.g. Rechtsverletzungen werden wir diese Inhalte unverz\u00fcglich entfernen.<\/p><p class=\"nitro-offscreen\">Jegliche Haftung des Diensteanbieters dieser Website f\u00fcr Sch\u00e4den, die aus der Nutzung dieser Website entstehen \u2013 gleich aus welchem \u200b\u200bRechtsgrund, einschlie\u00dflich aus unerlaubter Handlung \u2013 ist auf Sch\u00e4den beschr\u00e4nkt, die durch Vorsatz oder grobe Fahrl\u00e4ssigkeit verursacht wurden. Soweit eine zwingende Haftung des Diensteanbieters wegen Verletzung wesentlicher Vertragspflichten besteht, ist der Schadensersatzanspruch der H\u00f6he nach auf den vorhersehbaren Schaden begrenzt. Die Haftung des Diensteanbieters nach geltendem Produkthaftungsgesetz oder aus gegebenen Garantien bleibt hiervon unber\u00fchrt. Die vorstehenden Haftungsbeschr\u00e4nkungen gelten ebenfalls nicht bei einer Verletzung des Lebens, des K\u00f6rpers oder der Gesundheit einer Person.<\/p><p class=\"nitro-offscreen\">Der Diensteanbieter ist bem\u00fcht, diese Webseiten virenfrei zu halten, dennoch k\u00f6nnen wir die Virenfreiheit nicht garantieren. Wir empfehlen daher, vor dem Herunterladen von Dokumenten und Daten f\u00fcr einen angemessenen Virenschutz (z. B. durch den Einsatz von Virenscannern) zu sorgen.<\/p><p class=\"nitro-offscreen\">Der Diensteanbieter garantiert weder die Fehlerfreiheit der auf dieser Website angebotenen Dienste noch deren Verf\u00fcgbarkeit.<\/p><p class=\"nitro-offscreen\"><u>Haftungsbeschr\u00e4nkung f\u00fcr externe Links<\/u><br \/>Die Seiten dieser Website enthalten Verkn\u00fcpfungen (d. h. \u201eHyperlinks\u201c) zu anderen Websites, die von Dritten betrieben werden und deren Inhalte dem Diensteanbieter nicht bekannt sind. Wir vermitteln lediglich den Zugang zu solchen Websites und \u00fcbernehmen keinerlei Verantwortung f\u00fcr deren Inhalte. Unsere Links zu Webseiten Dritter sollen Ihnen lediglich die Navigation erleichtern. Aussagen auf verlinkten Seiten machen wir uns nicht zu eigen. Vielmehr distanzieren wir uns ausdr\u00fccklich von allen Inhalten aller auf den Seiten unserer Website verlinkten Seiten Dritter. Insbesondere \u00fcbernehmen wir keine Haftung f\u00fcr etwaige Verst\u00f6\u00dfe gegen gesetzliche Vorschriften oder die Verletzung von Rechten Dritter, die auf solchen Seiten auftreten.<\/p><p class=\"nitro-offscreen\">Bei Websites, auf die von dieser Website aus verlinkt wird, sind ausschlie\u00dflich deren Betreiber f\u00fcr den Inhalt dieser Seiten sowie f\u00fcr den Verkauf der darauf angebotenen Produkte und die Abwicklung von diesbez\u00fcglichen Bestellungen verantwortlich.<\/p><p>Wir \u00fcbernehmen keine Haftung f\u00fcr die Verletzung irgendwelcher Urheber-, Marken- oder anderer gewerblicher Schutz- oder Pers\u00f6nlichkeitsrechte, die auf einer Seite erfolgt, auf die mittels Hyperlink zugegriffen wird.<\/p><p>Im Falle einer Bestellung oder einer sonstigen rechtsgesch\u00e4ftlichen Erkl\u00e4rung kommt ein Vertrag ausschlie\u00dflich zwischen dem Nutzer und dem Inhaber der jeweiligen Website bzw. Anbieter oder darin vorgestellten Person zustande, keinesfalls jedoch zwischen uns und der Benutzer. Bitte beachten Sie die Allgemeinen Gesch\u00e4ftsbedingungen des jeweiligen Anbieters auf der verlinkten Website.<\/p><p>Dieser Haftungsausschluss gilt f\u00fcr alle auf dieser Website angezeigten Links und f\u00fcr alle Inhalte der Websites, zu denen der Nutzer \u00fcber solche Links gelangt.<\/p>\t\t\t\t\t\t\t\t<\/div>\n\t\t\t\t<\/div>\n\t\t\t\t<\/div>\n\t\t\t\t\t<\/details>\n\t\t\t\t\t\t<details id=\"e-n-accordion-item-7682\" class=\"e-n-accordion-item\" >\n\t\t\t\t<summary class=\"e-n-accordion-item-title\" data-accordion-index=\"3\" tabindex=\"-1\" aria-expanded=\"false\" aria-controls=\"e-n-accordion-item-7682\" >\n\t\t\t\t\t<span class='e-n-accordion-item-title-header'><div class=\"e-n-accordion-item-title-text\"> Gleichstellungshinweis <\/div><\/span>\n\t\t\t\t\t\t\t<span class='e-n-accordion-item-title-icon'>\n\t\t\t<span class='e-opened' ><svg aria-hidden=\"true\" class=\"e-font-icon-svg e-fas-minus\" viewBox=\"0 0 448 512\" xmlns=\"http:\/\/www.w3.org\/2000\/svg\"><path d=\"M416 208H32c-17.67 0-32 14.33-32 32v32c0 17.67 14.33 32 32 32h384c17.67 0 32-14.33 32-32v-32c0-17.67-14.33-32-32-32z\"><\/path><\/svg><\/span>\n\t\t\t<span class='e-closed'><svg aria-hidden=\"true\" class=\"e-font-icon-svg e-fas-plus\" viewBox=\"0 0 448 512\" xmlns=\"http:\/\/www.w3.org\/2000\/svg\"><path d=\"M416 208H272V64c0-17.67-14.33-32-32-32h-32c-17.67 0-32 14.33-32 32v144H32c-17.67 0-32 14.33-32 32v32c0 17.67 14.33 32 32 32h144v144c0 17.67 14.33 32 32 32h32c17.67 0 32-14.33 32-32V304h144c17.67 0 32-14.33 32-32v-32c0-17.67-14.33-32-32-32z\"><\/path><\/svg><\/span>\n\t\t<\/span>\n\n\t\t\t\t\t\t<\/summary>\n\t\t\t\t<div role=\"region\" aria-labelledby=\"e-n-accordion-item-7682\" class=\"elementor-element elementor-element-685a908 e-con-full e-flex e-con e-child\" data-id=\"685a908\" data-element_type=\"container\" data-e-type=\"container\">\n\t\t\t\t<div class=\"elementor-element elementor-element-83d1932 elementor-widget elementor-widget-text-editor\" data-id=\"83d1932\" data-element_type=\"widget\" data-e-type=\"widget\" data-widget_type=\"text-editor.default\">\n\t\t\t\t<div class=\"elementor-widget-container\">\n\t\t\t\t\t\t\t\t\t<p>In den Texten dieser Webseite wird meist nur eine Geschlechtsform gew\u00e4hlt, um eine bessere Lesbarkeit zu gew\u00e4hrleisten. Davon unbeeinflusst beziehen sich die Angaben dieser Webseite auf alle Geschlechter.<\/p>\t\t\t\t\t\t\t\t<\/div>\n\t\t\t\t<\/div>\n\t\t\t\t<\/div>\n\t\t\t\t\t<\/details>\n\t\t\t\t\t<\/div>\n\t\t\t\t\t\t<\/div>\n\t\t\t\t<\/div>\n\t\t\t\t<\/div>\n\t\t\t\t\t<\/div>\n\t\t\t\t<\/div>\n\t\t\t\t<\/div>\n\t\t","protected":false},"excerpt":{"rendered":"<p>Impressum Inhaltlich verantwortlich gem\u00e4\u00df \u00a7 18 Abs. 2 MStV: AixManus UG (haftungsbeschr\u00e4nkt)Hasencleverstra\u00dfe 942659 SolingenDeutschland Tel.: +49 151-2019-5277Email: info(at)aixmanus.de Vertretungsberechtigte Gesch\u00e4ftsf\u00fchrer:Lars Klug, Justus Numrich\u00a0Registergericht: WuppertalRegisternummer: HRB 31259\u00a0USt.-ID gem\u00e4\u00df \u00a7 27a Umsatzsteuergesetz:DE338066541 Allgemeine Nutzungsbedingungen Urheberrecht Die Webseite (Inhalt, Struktur, Werke) sind urheberrechtlich gesch\u00fctzt. Urheberrechtlich gesch\u00fctzt wird insbesondere vor Vervielf\u00e4ltigungen, Bearbeitungen, \u00dcbersetzungen, die Speicherung und Verarbeitung in anderen [&hellip;]<\/p>\n","protected":false},"author":2,"featured_media":0,"parent":0,"menu_order":0,"comment_status":"closed","ping_status":"closed","template":"","meta":{"inline_featured_image":false,"footnotes":""},"class_list":["post-358","page","type-page","status-publish","hentry"],"yoast_head":"<!-- This site is optimized with the Yoast SEO plugin v27.4 - https:\/\/yoast.com\/product\/yoast-seo-wordpress\/ -->\r\n<title>Impressum - eInx<\/title>\r\n<meta name=\"robots\" content=\"index, follow, max-snippet:-1, max-image-preview:large, max-video-preview:-1\" \/>\r\n<link rel=\"canonical\" href=\"https:\/\/www.e-inx.de\/index.php\/impressum\/\" \/>\r\n<meta property=\"og:locale\" content=\"de_DE\" \/>\r\n<meta property=\"og:type\" content=\"article\" \/>\r\n<meta property=\"og:title\" content=\"Impressum - eInx\" \/>\r\n<meta property=\"og:description\" content=\"Impressum Inhaltlich verantwortlich gem\u00e4\u00df \u00a7 18 Abs. 2 MStV: AixManus UG (haftungsbeschr\u00e4nkt)Hasencleverstra\u00dfe 942659 SolingenDeutschland Tel.: +49 151-2019-5277Email: info(at)aixmanus.de Vertretungsberechtigte Gesch\u00e4ftsf\u00fchrer:Lars Klug, Justus Numrich\u00a0Registergericht: WuppertalRegisternummer: HRB 31259\u00a0USt.-ID gem\u00e4\u00df \u00a7 27a Umsatzsteuergesetz:DE338066541 Allgemeine Nutzungsbedingungen Urheberrecht Die Webseite (Inhalt, Struktur, Werke) sind urheberrechtlich gesch\u00fctzt. Urheberrechtlich gesch\u00fctzt wird insbesondere vor Vervielf\u00e4ltigungen, Bearbeitungen, \u00dcbersetzungen, die Speicherung und Verarbeitung in anderen [&hellip;]\" \/>\r\n<meta property=\"og:url\" content=\"https:\/\/www.e-inx.de\/index.php\/impressum\/\" \/>\r\n<meta property=\"og:site_name\" content=\"eInx\" \/>\r\n<meta property=\"article:modified_time\" content=\"2025-05-10T09:44:37+00:00\" \/>\r\n<meta name=\"twitter:card\" content=\"summary_large_image\" \/>\r\n<meta name=\"twitter:label1\" content=\"Gesch\u00e4tzte Lesezeit\" \/>\n\t<meta name=\"twitter:data1\" content=\"7\u00a0Minuten\" \/>\r\n<script type=\"application\/ld+json\" class=\"yoast-schema-graph\">{\"@context\":\"https:\\\/\\\/schema.org\",\"@graph\":[{\"@type\":\"WebPage\",\"@id\":\"https:\\\/\\\/www.e-inx.de\\\/index.php\\\/impressum\\\/\",\"url\":\"https:\\\/\\\/www.e-inx.de\\\/index.php\\\/impressum\\\/\",\"name\":\"Impressum - eInx\",\"isPartOf\":{\"@id\":\"https:\\\/\\\/www.e-inx.de\\\/#website\"},\"datePublished\":\"2025-04-09T02:44:19+00:00\",\"dateModified\":\"2025-05-10T09:44:37+00:00\",\"breadcrumb\":{\"@id\":\"https:\\\/\\\/www.e-inx.de\\\/index.php\\\/impressum\\\/#breadcrumb\"},\"inLanguage\":\"de\",\"potentialAction\":[{\"@type\":\"ReadAction\",\"target\":[\"https:\\\/\\\/www.e-inx.de\\\/index.php\\\/impressum\\\/\"]}]},{\"@type\":\"BreadcrumbList\",\"@id\":\"https:\\\/\\\/www.e-inx.de\\\/index.php\\\/impressum\\\/#breadcrumb\",\"itemListElement\":[{\"@type\":\"ListItem\",\"position\":1,\"name\":\"Startseite\",\"item\":\"https:\\\/\\\/www.e-inx.de\\\/\"},{\"@type\":\"ListItem\",\"position\":2,\"name\":\"Impressum\"}]},{\"@type\":\"WebSite\",\"@id\":\"https:\\\/\\\/www.e-inx.de\\\/#website\",\"url\":\"https:\\\/\\\/www.e-inx.de\\\/\",\"name\":\"eInx - Digital signage\",\"description\":\"\",\"publisher\":{\"@id\":\"https:\\\/\\\/www.e-inx.de\\\/#organization\"},\"potentialAction\":[{\"@type\":\"SearchAction\",\"target\":{\"@type\":\"EntryPoint\",\"urlTemplate\":\"https:\\\/\\\/www.e-inx.de\\\/?s={search_term_string}\"},\"query-input\":{\"@type\":\"PropertyValueSpecification\",\"valueRequired\":true,\"valueName\":\"search_term_string\"}}],\"inLanguage\":\"de\"},{\"@type\":\"Organization\",\"@id\":\"https:\\\/\\\/www.e-inx.de\\\/#organization\",\"name\":\"AixManus UG\",\"url\":\"https:\\\/\\\/www.e-inx.de\\\/\",\"logo\":{\"@type\":\"ImageObject\",\"inLanguage\":\"de\",\"@id\":\"https:\\\/\\\/www.e-inx.de\\\/#\\\/schema\\\/logo\\\/image\\\/\",\"url\":\"https:\\/\\/www.e-inx.de\\/wp-content\\/uploads\\/2025\\/03\\/Logo_HP_350x100_frei.webp\",\"contentUrl\":\"https:\\/\\/www.e-inx.de\\/wp-content\\/uploads\\/2025\\/03\\/Logo_HP_350x100_frei.webp\",\"width\":350,\"height\":100,\"caption\":\"AixManus UG\"},\"image\":{\"@id\":\"https:\\\/\\\/www.e-inx.de\\\/#\\\/schema\\\/logo\\\/image\\\/\"},\"sameAs\":[\"https:\\\/\\\/www.youtube.com\\\/@e-InX\"]}]}<\/script>\r\n<!-- \/ Yoast SEO plugin. -->","yoast_head_json":{"title":"Impressum - eInx","robots":{"index":"index","follow":"follow","max-snippet":"max-snippet:-1","max-image-preview":"max-image-preview:large","max-video-preview":"max-video-preview:-1"},"canonical":"https:\/\/www.e-inx.de\/index.php\/impressum\/","og_locale":"de_DE","og_type":"article","og_title":"Impressum - eInx","og_description":"Impressum Inhaltlich verantwortlich gem\u00e4\u00df \u00a7 18 Abs. 2 MStV: AixManus UG (haftungsbeschr\u00e4nkt)Hasencleverstra\u00dfe 942659 SolingenDeutschland Tel.: +49 151-2019-5277Email: info(at)aixmanus.de Vertretungsberechtigte Gesch\u00e4ftsf\u00fchrer:Lars Klug, Justus Numrich\u00a0Registergericht: WuppertalRegisternummer: HRB 31259\u00a0USt.-ID gem\u00e4\u00df \u00a7 27a Umsatzsteuergesetz:DE338066541 Allgemeine Nutzungsbedingungen Urheberrecht Die Webseite (Inhalt, Struktur, Werke) sind urheberrechtlich gesch\u00fctzt. Urheberrechtlich gesch\u00fctzt wird insbesondere vor Vervielf\u00e4ltigungen, Bearbeitungen, \u00dcbersetzungen, die Speicherung und Verarbeitung in anderen [&hellip;]","og_url":"https:\/\/www.e-inx.de\/index.php\/impressum\/","og_site_name":"eInx","article_modified_time":"2025-05-10T09:44:37+00:00","twitter_card":"summary_large_image","twitter_misc":{"Gesch\u00e4tzte Lesezeit":"7\u00a0Minuten"},"schema":{"@context":"https:\/\/schema.org","@graph":[{"@type":"WebPage","@id":"https:\/\/www.e-inx.de\/index.php\/impressum\/","url":"https:\/\/www.e-inx.de\/index.php\/impressum\/","name":"Impressum - eInx","isPartOf":{"@id":"https:\/\/www.e-inx.de\/#website"},"datePublished":"2025-04-09T02:44:19+00:00","dateModified":"2025-05-10T09:44:37+00:00","breadcrumb":{"@id":"https:\/\/www.e-inx.de\/index.php\/impressum\/#breadcrumb"},"inLanguage":"de","potentialAction":[{"@type":"ReadAction","target":["https:\/\/www.e-inx.de\/index.php\/impressum\/"]}]},{"@type":"BreadcrumbList","@id":"https:\/\/www.e-inx.de\/index.php\/impressum\/#breadcrumb","itemListElement":[{"@type":"ListItem","position":1,"name":"Startseite","item":"https:\/\/www.e-inx.de\/"},{"@type":"ListItem","position":2,"name":"Impressum"}]},{"@type":"WebSite","@id":"https:\/\/www.e-inx.de\/#website","url":"https:\/\/www.e-inx.de\/","name":"eInx - Digital signage","description":"","publisher":{"@id":"https:\/\/www.e-inx.de\/#organization"},"potentialAction":[{"@type":"SearchAction","target":{"@type":"EntryPoint","urlTemplate":"https:\/\/www.e-inx.de\/?s={search_term_string}"},"query-input":{"@type":"PropertyValueSpecification","valueRequired":true,"valueName":"search_term_string"}}],"inLanguage":"de"},{"@type":"Organization","@id":"https:\/\/www.e-inx.de\/#organization","name":"AixManus UG","url":"https:\/\/www.e-inx.de\/","logo":{"@type":"ImageObject","inLanguage":"de","@id":"https:\/\/www.e-inx.de\/#\/schema\/logo\/image\/","url":"https:\/\/mlrtntlnlwyv.i.optimole.com\/cb:-lZt.2e5\/w:auto\/h:auto\/q:mauto\/https:\/\/www.e-inx.de\/wp-content\/uploads\/2025\/03\/Logo_HP_350x100_frei.webp","contentUrl":"https:\/\/mlrtntlnlwyv.i.optimole.com\/cb:-lZt.2e5\/w:auto\/h:auto\/q:mauto\/https:\/\/www.e-inx.de\/wp-content\/uploads\/2025\/03\/Logo_HP_350x100_frei.webp","width":350,"height":100,"caption":"AixManus UG"},"image":{"@id":"https:\/\/www.e-inx.de\/#\/schema\/logo\/image\/"},"sameAs":["https:\/\/www.youtube.com\/@e-InX"]}]}},"_links":{"self":[{"href":"https:\/\/www.e-inx.de\/index.php\/wp-json\/wp\/v2\/pages\/358","targetHints":{"allow":["GET"]}}],"collection":[{"href":"https:\/\/www.e-inx.de\/index.php\/wp-json\/wp\/v2\/pages"}],"about":[{"href":"https:\/\/www.e-inx.de\/index.php\/wp-json\/wp\/v2\/types\/page"}],"author":[{"embeddable":true,"href":"https:\/\/www.e-inx.de\/index.php\/wp-json\/wp\/v2\/users\/2"}],"replies":[{"embeddable":true,"href":"https:\/\/www.e-inx.de\/index.php\/wp-json\/wp\/v2\/comments?post=358"}],"version-history":[{"count":9,"href":"https:\/\/www.e-inx.de\/index.php\/wp-json\/wp\/v2\/pages\/358\/revisions"}],"predecessor-version":[{"id":1830,"href":"https:\/\/www.e-inx.de\/index.php\/wp-json\/wp\/v2\/pages\/358\/revisions\/1830"}],"wp:attachment":[{"href":"https:\/\/www.e-inx.de\/index.php\/wp-json\/wp\/v2\/media?parent=358"}],"curies":[{"name":"wp","href":"https:\/\/api.w.org\/{rel}","templated":true}]}}